{"id":84,"date":"2025-01-24T11:04:34","date_gmt":"2025-01-24T10:04:34","guid":{"rendered":"https:\/\/test.midtownlindyhop.se\/?page_id=84"},"modified":"2025-10-22T12:42:46","modified_gmt":"2025-10-22T10:42:46","slug":"socialdans","status":"publish","type":"page","link":"https:\/\/test.midtownlindyhop.se\/?page_id=84","title":{"rendered":"Socialdans"},"content":{"rendered":"\n<figure class=\"wp-block-image size-full\"><img loading=\"lazy\" decoding=\"async\" width=\"693\" height=\"347\" src=\"https:\/\/test.midtownlindyhop.se\/wp-content\/uploads\/2025\/10\/131C5C80-F2DE-44F6-B197-0F8B5FEC12E3.jpeg\" alt=\"\" class=\"wp-image-236\" srcset=\"https:\/\/test.midtownlindyhop.se\/wp-content\/uploads\/2025\/10\/131C5C80-F2DE-44F6-B197-0F8B5FEC12E3.jpeg 693w, https:\/\/test.midtownlindyhop.se\/wp-content\/uploads\/2025\/10\/131C5C80-F2DE-44F6-B197-0F8B5FEC12E3-300x150.jpeg 300w\" sizes=\"auto, (max-width: 693px) 100vw, 693px\" \/><\/figure>\n\n\n\n<p>Det finns ofta m\u00f6jlighet till socialdans p\u00e5 onsdagar efter kurserna fram till kl 21.00. Dansen \u00e4r \u00f6ppen f\u00f6r alla (\u00e4ven icke-medlemmar) och \u00e4r gratis. Det \u00e4r p\u00e5 socialdansgolvet du f\u00e5r in k\u00e4nslan, oms\u00e4tter det du l\u00e4rt dig p\u00e5 kursen och utvecklar din dans p\u00e5 riktigt. D\u00e4r f\u00e5r du \u00e4ven m\u00f6jlighet att l\u00e4ra k\u00e4nna f\u00f6reningens \u00f6vriga medlemmar och bli en del av \u00d6rebros sk\u00f6na Lindy hop-sammanh\u00e5llning. Stor risk att du g\u00e5r d\u00e4rifr\u00e5n med ett glatt hj\u00e4rta och ett par tr\u00f6tta dansf\u00f6tter.<\/p>\n\n\n\n<p>F\u00f6rutom socialdans anordnar vi andra trevliga evenemang s\u00e5som tedans med liveband och swingmaster (DJ). Information n\u00e4r dessa \u00e4r kommer upp p\u00e5 v\u00e5r hemsida eller via v\u00e5r facebook-sida. Vi brukar ocks\u00e5 g\u00e5 ut med information via mejl.<\/p>\n\n\n\n<hr class=\"wp-block-separator has-alpha-channel-opacity\"\/>\n\n\n\n<h2 class=\"wp-block-heading\">H\u00f6sten 2025<\/h2>\n\n\n\n<p>Under h\u00f6sten planerar vi att ha socialdans f\u00f6ljande tider:<\/p>\n\n\n\n<p> onsdag 15\/10 kl.19.45-21<\/p>\n\n\n\n<p>onsdag 29\/10&nbsp;kl.19-21,<\/p>\n\n\n\n<p>onsdag 12\/11 kl.19.45-21<\/p>\n\n\n\n<p>Midtown bjuder p\u00e5 fika! Varmt v\u00e4lkomna!<\/p>\n\n\n\n<p><\/p>\n\n\n\n<p><\/p>\n","protected":false},"excerpt":{"rendered":"<p>Det finns ofta m\u00f6jlighet till socialdans p\u00e5 onsdagar efter kurserna fram till kl 21.00. Dansen \u00e4r \u00f6ppen f\u00f6r alla (\u00e4ven icke-medlemmar) och \u00e4r gratis. Det \u00e4r p\u00e5 socialdansgolvet du f\u00e5r in k\u00e4nslan, oms\u00e4tter det du l\u00e4rt dig p\u00e5 kursen och utvecklar din dans p\u00e5 riktigt. D\u00e4r f\u00e5r du \u00e4ven m\u00f6jlighet att l\u00e4ra k\u00e4nna f\u00f6reningens \u00f6vriga [&hellip;]<\/p>\n","protected":false},"author":1,"featured_media":0,"parent":0,"menu_order":0,"comment_status":"closed","ping_status":"closed","template":"","meta":{"inline_featured_image":false,"footnotes":""},"class_list":["post-84","page","type-page","status-publish","hentry"],"_links":{"self":[{"href":"https:\/\/test.midtownlindyhop.se\/index.php?rest_route=\/wp\/v2\/pages\/84","targetHints":{"allow":["GET"]}}],"collection":[{"href":"https:\/\/test.midtownlindyhop.se\/index.php?rest_route=\/wp\/v2\/pages"}],"about":[{"href":"https:\/\/test.midtownlindyhop.se\/index.php?rest_route=\/wp\/v2\/types\/page"}],"author":[{"embeddable":true,"href":"https:\/\/test.midtownlindyhop.se\/index.php?rest_route=\/wp\/v2\/users\/1"}],"replies":[{"embeddable":true,"href":"https:\/\/test.midtownlindyhop.se\/index.php?rest_route=%2Fwp%2Fv2%2Fcomments&post=84"}],"version-history":[{"count":5,"href":"https:\/\/test.midtownlindyhop.se\/index.php?rest_route=\/wp\/v2\/pages\/84\/revisions"}],"predecessor-version":[{"id":264,"href":"https:\/\/test.midtownlindyhop.se\/index.php?rest_route=\/wp\/v2\/pages\/84\/revisions\/264"}],"wp:attachment":[{"href":"https:\/\/test.midtownlindyhop.se\/index.php?rest_route=%2Fwp%2Fv2%2Fmedia&parent=84"}],"curies":[{"name":"wp","href":"https:\/\/api.w.org\/{rel}","templated":true}]}}