{"id":28,"date":"2025-01-24T09:50:01","date_gmt":"2025-01-24T08:50:01","guid":{"rendered":"https:\/\/test.midtownlindyhop.se\/?page_id=28"},"modified":"2025-10-22T13:08:10","modified_gmt":"2025-10-22T11:08:10","slug":"kurser","status":"publish","type":"page","link":"https:\/\/test.midtownlindyhop.se\/?page_id=28","title":{"rendered":"Kurser"},"content":{"rendered":"\n<p>H\u00f6sten 2025 h\u00e5ller Midtown Lindy Hop kurs i Lindy Hop p\u00e5 niv\u00e5 Medel!<\/p>\n\n\n\n<p>Det \u00e4r inte n\u00f6dv\u00e4ndigt att anm\u00e4la sig i par, men det kan \u00f6ka chansen f\u00f6r att f\u00e5 en plats p\u00e5 kursen. Vi roterar partner ofta under kurserna s\u00e5 att alla f\u00e5r dansa med alla.<\/p>\n\n\n\n<p>Platsen \u00e4r A-huset, Jordgatan 6 i \u00d6rebro.4<\/p>\n\n\n\n<hr class=\"wp-block-separator has-alpha-channel-opacity is-style-wide\"\/>\n\n\n<nav class=\"items-justified-center has-text-decoration-underline wp-block-navigation is-horizontal is-content-justification-center is-layout-flex wp-container-core-navigation-is-layout-6bd4d9d1 wp-block-navigation-is-layout-flex\" aria-label=\"Kursmeny\"><ul class=\"wp-block-navigation__container items-justified-center has-text-decoration-underline wp-block-navigation\"><li class=\" wp-block-navigation-item wp-block-navigation-link\"><a class=\"wp-block-navigation-item__content\"  href=\"#medel\"><span class=\"wp-block-navigation-item__label\">Medel<\/span><\/a><\/li><li class=\" wp-block-navigation-item wp-block-navigation-link\"><a class=\"wp-block-navigation-item__content\"  href=\"#nyborjare\"><span class=\"wp-block-navigation-item__label\">Nyb\u00f6rjare<\/span><\/a><\/li><li class=\" wp-block-navigation-item wp-block-navigation-link\"><a class=\"wp-block-navigation-item__content\"  href=\"#nyborjarmedel\"><span class=\"wp-block-navigation-item__label\">Nyb\u00f6rjarmedel<\/span><\/a><\/li><\/ul><\/nav>\n\n\n<hr class=\"wp-block-separator has-alpha-channel-opacity is-style-wide\"\/>\n\n\n\n<h2 class=\"wp-block-heading\" id=\"medel\">Medel<\/h2>\n\n\n\n<ul class=\"wp-block-list\">\n<li>Du har g\u00e5tt niv\u00e5n Nyb\u00f6rjarmedel n\u00e5gra terminer och \u00e4r en aktiv socialdansare.<\/li>\n<\/ul>\n\n\n\n<p>Detta \u00e4r niv\u00e5n f\u00f6r dig som har f\u00e5tt in den sk\u00f6na k\u00e4nslan i dansen. Du beh\u00e4rskar dansen v\u00e4l och har inga problem med att variera olika tempon eller skilja p\u00e5 6:or och 8:or. Att f\u00f6ra och f\u00f6lja k\u00e4nns naturligt, och improvisation och musikanpassning \u00e4r ingredienser som du g\u00e4rna l\u00e4gger in i dansen. Vi \u00f6kar tempot i undervisningen och jobbar vidare med mer avancerade turer och stegvariationer. Vi forts\u00e4tter tr\u00e4na p\u00e5 musikanpassning, improvisation och att dansa till h\u00f6gre tempo.<\/p>\n\n\n\n<p>Under terminen kommer kursen h\u00e5llas 8 st onsdagar kl 18.30-19.45 med start 24 september och avslut 19 november, med uppeh\u00e5ll v.44.<\/p>\n\n\n\n<p>Avgift 700 kr, student 400 kr (inklusive 100 kr i medlemsavgift)<\/p>\n\n\n\n<p><strong>L\u00e4rare:<\/strong> Ludmila, Ivan, Meryl och Henning<\/p>\n\n\n\n<p><strong>Anm\u00e4lan st\u00e4ngde 17\/9 kl.23.59<\/strong><\/p>\n\n\n\n<hr class=\"wp-block-separator has-alpha-channel-opacity is-style-wide\"\/>\n\n\n\n<figure class=\"wp-block-image aligncenter size-full is-resized\"><img loading=\"lazy\" decoding=\"async\" width=\"560\" height=\"560\" src=\"https:\/\/test.midtownlindyhop.se\/wp-content\/uploads\/2025\/10\/42525467_1398842763579862_6914650884156686336_n-edited.jpg\" alt=\"\" class=\"wp-image-265\" style=\"width:365px\" srcset=\"https:\/\/test.midtownlindyhop.se\/wp-content\/uploads\/2025\/10\/42525467_1398842763579862_6914650884156686336_n-edited.jpg 560w, https:\/\/test.midtownlindyhop.se\/wp-content\/uploads\/2025\/10\/42525467_1398842763579862_6914650884156686336_n-edited-300x300.jpg 300w, https:\/\/test.midtownlindyhop.se\/wp-content\/uploads\/2025\/10\/42525467_1398842763579862_6914650884156686336_n-edited-150x150.jpg 150w\" sizes=\"auto, (max-width: 560px) 100vw, 560px\" \/><\/figure>\n\n\n\n<hr class=\"wp-block-separator has-alpha-channel-opacity is-style-wide\"\/>\n\n\n\n<h2 class=\"wp-block-heading\" id=\"nyborjare\">Nyb\u00f6rjare<\/h2>\n\n\n\n<ul class=\"wp-block-list\">\n<li>H\u00e4r beh\u00f6vs inga f\u00f6rkunskaper.<\/li>\n<\/ul>\n\n\n\n<p>Vi b\u00f6rjar fr\u00e5n grunden och g\u00e5r igenom grundsteg och de vanligaste turerna. Vi g\u00e5r \u00e4ven igenom grundl\u00e4ggande teknik n\u00e4r det g\u00e4ller f\u00f6ra och f\u00f6lja. Det mesta av inneh\u00e5llet f\u00f6r denna kurs upprepas varje termin. Om du har g\u00e5tt nyb\u00f6rjarkursen tidigare men k\u00e4nner att du inte f\u00e5tt tillr\u00e4ckligt av grunderna kan du g\u00e5 denna kurs igen. En bra grund \u00e4r viktigt om du vill forts\u00e4tta med dansen, och g\u00f6r att du l\u00e4ttare kan till\u00e4gna dig inneh\u00e5llet p\u00e5 de h\u00f6gre kurserna d\u00e4r undervisningstempot \u00f6kas. Det \u00e4r l\u00e4mpligt att ha lediga kl\u00e4der att dansa i samt n\u00e5gon slags inneskor, som g\u00e4rna har lite glid i sulan.<\/p>\n\n\n\n<p><strong>H\u00f6sten 2025 h\u00e5lls ingen nyb\u00f6rjarkurs, den \u00e5terkommer v\u00e5ren 2026!<\/strong><\/p>\n\n\n\n<hr class=\"wp-block-separator has-alpha-channel-opacity is-style-wide\"\/>\n\n\n\n<figure class=\"wp-block-image aligncenter size-large is-resized\"><img loading=\"lazy\" decoding=\"async\" width=\"2560\" height=\"2560\" src=\"https:\/\/test.midtownlindyhop.se\/wp-content\/uploads\/2025\/10\/pexels-krivitskiy-5611888-edited.jpg\" alt=\"\" class=\"wp-image-267\" style=\"width:365px\" srcset=\"https:\/\/test.midtownlindyhop.se\/wp-content\/uploads\/2025\/10\/pexels-krivitskiy-5611888-edited.jpg 2560w, https:\/\/test.midtownlindyhop.se\/wp-content\/uploads\/2025\/10\/pexels-krivitskiy-5611888-edited-300x300.jpg 300w, https:\/\/test.midtownlindyhop.se\/wp-content\/uploads\/2025\/10\/pexels-krivitskiy-5611888-edited-1024x1024.jpg 1024w, https:\/\/test.midtownlindyhop.se\/wp-content\/uploads\/2025\/10\/pexels-krivitskiy-5611888-edited-150x150.jpg 150w, https:\/\/test.midtownlindyhop.se\/wp-content\/uploads\/2025\/10\/pexels-krivitskiy-5611888-edited-768x768.jpg 768w, https:\/\/test.midtownlindyhop.se\/wp-content\/uploads\/2025\/10\/pexels-krivitskiy-5611888-edited-1536x1536.jpg 1536w, https:\/\/test.midtownlindyhop.se\/wp-content\/uploads\/2025\/10\/pexels-krivitskiy-5611888-edited-2048x2048.jpg 2048w\" sizes=\"auto, (max-width: 2560px) 100vw, 2560px\" \/><\/figure>\n\n\n\n<hr class=\"wp-block-separator has-alpha-channel-opacity is-style-wide\"\/>\n\n\n\n<h2 class=\"wp-block-heading\" id=\"nyborjarmedel\">Nyb\u00f6rjarmedel<\/h2>\n\n\n\n<ul class=\"wp-block-list\">\n<li>Du har g\u00e5tt niv\u00e5n Nyb\u00f6rjarmedel n\u00e5gra terminer och \u00e4r en aktiv socialdansare.<\/li>\n<\/ul>\n\n\n\n<p>Detta \u00e4r niv\u00e5n f\u00f6r dig som har f\u00e5tt in den sk\u00f6na k\u00e4nslan i dansen. Du beh\u00e4rskar dansen v\u00e4l och har inga problem med att variera olika tempon eller skilja p\u00e5 6:or och 8:or. Att f\u00f6ra och f\u00f6lja k\u00e4nns naturligt, och improvisation och musikanpassning \u00e4r ingredienser som du g\u00e4rna l\u00e4gger in i dansen. Vi \u00f6kar tempot i undervisningen och jobbar vidare med mer avancerade turer och stegvariationer. Vi forts\u00e4tter tr\u00e4na p\u00e5 musikanpassning, improvisation och att dansa till h\u00f6gre tempo.<\/p>\n\n\n\n<p><strong>H\u00f6sten 2025 h\u00e5lls ingen nyb\u00f6rjarmedelkurs!<\/strong><\/p>\n\n\n\n<hr class=\"wp-block-separator has-alpha-channel-opacity is-style-wide\"\/>\n\n\n\n<figure class=\"wp-block-image aligncenter size-full is-resized\"><img loading=\"lazy\" decoding=\"async\" width=\"640\" height=\"640\" src=\"https:\/\/test.midtownlindyhop.se\/wp-content\/uploads\/2025\/10\/12ed7a02c00c829efddd804137cd0394-1-edited.jpg\" alt=\"\" class=\"wp-image-268\" style=\"width:365px\" srcset=\"https:\/\/test.midtownlindyhop.se\/wp-content\/uploads\/2025\/10\/12ed7a02c00c829efddd804137cd0394-1-edited.jpg 640w, https:\/\/test.midtownlindyhop.se\/wp-content\/uploads\/2025\/10\/12ed7a02c00c829efddd804137cd0394-1-edited-300x300.jpg 300w, https:\/\/test.midtownlindyhop.se\/wp-content\/uploads\/2025\/10\/12ed7a02c00c829efddd804137cd0394-1-edited-150x150.jpg 150w\" sizes=\"auto, (max-width: 640px) 100vw, 640px\" \/><\/figure>\n","protected":false},"excerpt":{"rendered":"<p>H\u00f6sten 2025 h\u00e5ller Midtown Lindy Hop kurs i Lindy Hop p\u00e5 niv\u00e5 Medel! Det \u00e4r inte n\u00f6dv\u00e4ndigt att anm\u00e4la sig i par, men det kan \u00f6ka chansen f\u00f6r att f\u00e5 en plats p\u00e5 kursen. Vi roterar partner ofta under kurserna s\u00e5 att alla f\u00e5r dansa med alla. Platsen \u00e4r A-huset, Jordgatan 6 i \u00d6rebro.4 Medel [&hellip;]<\/p>\n","protected":false},"author":1,"featured_media":0,"parent":0,"menu_order":0,"comment_status":"closed","ping_status":"closed","template":"","meta":{"inline_featured_image":false,"footnotes":""},"class_list":["post-28","page","type-page","status-publish","hentry"],"_links":{"self":[{"href":"https:\/\/test.midtownlindyhop.se\/index.php?rest_route=\/wp\/v2\/pages\/28","targetHints":{"allow":["GET"]}}],"collection":[{"href":"https:\/\/test.midtownlindyhop.se\/index.php?rest_route=\/wp\/v2\/pages"}],"about":[{"href":"https:\/\/test.midtownlindyhop.se\/index.php?rest_route=\/wp\/v2\/types\/page"}],"author":[{"embeddable":true,"href":"https:\/\/test.midtownlindyhop.se\/index.php?rest_route=\/wp\/v2\/users\/1"}],"replies":[{"embeddable":true,"href":"https:\/\/test.midtownlindyhop.se\/index.php?rest_route=%2Fwp%2Fv2%2Fcomments&post=28"}],"version-history":[{"count":6,"href":"https:\/\/test.midtownlindyhop.se\/index.php?rest_route=\/wp\/v2\/pages\/28\/revisions"}],"predecessor-version":[{"id":278,"href":"https:\/\/test.midtownlindyhop.se\/index.php?rest_route=\/wp\/v2\/pages\/28\/revisions\/278"}],"wp:attachment":[{"href":"https:\/\/test.midtownlindyhop.se\/index.php?rest_route=%2Fwp%2Fv2%2Fmedia&parent=28"}],"curies":[{"name":"wp","href":"https:\/\/api.w.org\/{rel}","templated":true}]}}